{"id":1409,"date":"2023-03-31T13:13:32","date_gmt":"2023-03-31T13:13:32","guid":{"rendered":"https:\/\/twoworldswhiskey.com\/cart-2\/"},"modified":"2024-02-22T06:52:32","modified_gmt":"2024-02-22T06:52:32","slug":"cart","status":"publish","type":"page","link":"https:\/\/twoworldswhiskey.com\/fr\/cart\/","title":{"rendered":"Cart"},"content":{"rendered":"<div data-elementor-type=\"wp-page\" data-elementor-id=\"1409\" class=\"elementor elementor-1409\" data-elementor-post-type=\"page\">\n\t\t\t\t<div class=\"elementor-element elementor-element-446cffd e-flex e-con-boxed e-con e-parent\" data-id=\"446cffd\" data-element_type=\"container\" data-e-type=\"container\">\n\t\t\t\t\t<div class=\"e-con-inner\">\n\t\t<div class=\"elementor-element elementor-element-1ff3701 e-con-full e-flex e-con e-child\" data-id=\"1ff3701\" data-element_type=\"container\" data-e-type=\"container\">\n\t\t\t\t<div class=\"elementor-element elementor-element-7e57bca elementor-invisible elementor-widget elementor-widget-heading\" data-id=\"7e57bca\" data-element_type=\"widget\" data-e-type=\"widget\" data-settings=\"{&quot;_animation&quot;:&quot;fadeInDown&quot;}\" data-widget_type=\"heading.default\">\n\t\t\t\t<div class=\"elementor-widget-container\">\n\t\t\t\t\t<h2 class=\"elementor-heading-title elementor-size-default\">Votre panier<\/h2>\t\t\t\t<\/div>\n\t\t\t\t<\/div>\n\t\t\t\t<div class=\"elementor-element elementor-element-9d1316e elementor-widget elementor-widget-heading\" data-id=\"9d1316e\" data-element_type=\"widget\" data-e-type=\"widget\" data-widget_type=\"heading.default\">\n\t\t\t\t<div class=\"elementor-widget-container\">\n\t\t\t\t\t<h3 class=\"elementor-heading-title elementor-size-default\">Livraison offerte en France!<\/h3>\t\t\t\t<\/div>\n\t\t\t\t<\/div>\n\t\t\t\t<div class=\"elementor-element elementor-element-ed2bbf0 elementor-widget elementor-widget-text-editor\" data-id=\"ed2bbf0\" data-element_type=\"widget\" data-e-type=\"widget\" data-widget_type=\"text-editor.default\">\n\t\t\t\t<div class=\"elementor-widget-container\">\n\t\t\t\t\t\t\t\t\t<p>Nous livrons dans toute l'UE, avec livraison gratuite offerte en France. Veuillez noter que les articles peuvent \u00eatre exp\u00e9di\u00e9s s\u00e9par\u00e9ment.<\/p>\t\t\t\t\t\t\t\t<\/div>\n\t\t\t\t<\/div>\n\t\t\t\t<\/div>\n\t\t\t\t\t<\/div>\n\t\t\t\t<\/div>\n\t\t\t\t<section class=\"elementor-section elementor-top-section elementor-element elementor-element-f841964 elementor-hidden-desktop elementor-hidden-tablet elementor-hidden-mobile elementor-section-boxed elementor-section-height-default elementor-section-height-default\" data-id=\"f841964\" data-element_type=\"section\" data-e-type=\"section\">\n\t\t\t\t\t\t<div class=\"elementor-container elementor-column-gap-default\">\n\t\t\t\t\t<div class=\"elementor-column elementor-col-100 elementor-top-column elementor-element elementor-element-76d3cd44\" data-id=\"76d3cd44\" data-element_type=\"column\" data-e-type=\"column\">\n\t\t\t<div class=\"elementor-widget-wrap elementor-element-populated\">\n\t\t\t\t\t\t<div class=\"elementor-element elementor-element-2358deae elementor-widget elementor-widget-heading\" data-id=\"2358deae\" data-element_type=\"widget\" data-e-type=\"widget\" data-widget_type=\"heading.default\">\n\t\t\t\t<div class=\"elementor-widget-container\">\n\t\t\t\t\t<h2 class=\"elementor-heading-title elementor-size-default\">Votre panier<\/h2>\t\t\t\t<\/div>\n\t\t\t\t<\/div>\n\t\t\t\t<div class=\"elementor-element elementor-element-5cfeb469 elementor-widget elementor-widget-text-editor\" data-id=\"5cfeb469\" data-element_type=\"widget\" data-e-type=\"widget\" data-widget_type=\"text-editor.default\">\n\t\t\t\t<div class=\"elementor-widget-container\">\n\t\t\t\t\t\t\t\t\t<h4>Livraison offerte en France!<\/h4>\n<div>\u00a0<\/div>\n<div>\n<div class=\"elementor-element elementor-element-f6d69de elementor-widget elementor-widget-text-editor\" data-id=\"f6d69de\" data-element_type=\"widget\" data-widget_type=\"text-editor.default\">\n<div class=\"elementor-widget-container\">\n<div>Nous livrons dans toute l'Union europ\u00e9enne, et les frais de transport sont offerts pour les livraisons en France.<\/div>\n<div>\u00a0<\/div>\n<\/div>\n<\/div>\n<\/div>\n<p style=\"text-align: center;\">Veuillez noter que les articles peuvent \u00eatre exp\u00e9di\u00e9s s\u00e9par\u00e9ment.<\/p>\t\t\t\t\t\t\t\t<\/div>\n\t\t\t\t<\/div>\n\t\t\t\t<div class=\"elementor-element elementor-element-51fddf55 elementor-widget elementor-widget-text-editor\" data-id=\"51fddf55\" data-element_type=\"widget\" data-e-type=\"widget\" data-widget_type=\"text-editor.default\">\n\t\t\t\t<div class=\"elementor-widget-container\">\n\t\t\t\t\t\t\t\t\t\t\t\t\t\t\t\t\t<\/div>\n\t\t\t\t<\/div>\n\t\t\t\t\t<\/div>\n\t\t<\/div>\n\t\t\t\t\t<\/div>\n\t\t<\/section>\n\t\t\t\t<\/div>","protected":false},"excerpt":{"rendered":"<p>Your Cart Free shipping in France! We deliver throughout the EU, with free shipping offered for delivery in France. Please note items may be shipped separately. Remove item Thumbnail image Product Price Quantity Subtotal &times; La Victoire, Batch 1 &euro;157,50 La Victoire, Batch 1 quantity &euro;1.102,50 &times; Two Worlds Whiskey Tote Bag &euro;20,00 Two Worlds [&hellip;]<\/p>\n","protected":false},"author":1,"featured_media":0,"parent":0,"menu_order":0,"comment_status":"closed","ping_status":"closed","template":"","meta":{"_acf_changed":false,"inline_featured_image":false,"footnotes":""},"class_list":["post-1409","page","type-page","status-publish","hentry"],"acf":[],"yoast_head":"<!-- This site is optimized with the Yoast SEO plugin v27.3 - https:\/\/yoast.com\/product\/yoast-seo-wordpress\/ -->\n<title>Shopping cart for your bourbon - Two Worlds Whiskey<\/title>\n<meta name=\"robots\" content=\"index, follow, max-snippet:-1, max-image-preview:large, max-video-preview:-1\" \/>\n<link rel=\"canonical\" href=\"https:\/\/twoworldswhiskey.com\/fr\/cart\/\" \/>\n<meta property=\"og:locale\" content=\"fr_FR\" \/>\n<meta property=\"og:type\" content=\"article\" \/>\n<meta property=\"og:title\" content=\"Shopping cart for your bourbon - Two Worlds Whiskey\" \/>\n<meta property=\"og:description\" content=\"Your Cart Free shipping in France! We deliver throughout the EU, with free shipping offered for delivery in France. Please note items may be shipped separately. Remove item Thumbnail image Product Price Quantity Subtotal &times; La Victoire, Batch 1 &euro;157,50 La Victoire, Batch 1 quantity &euro;1.102,50 &times; Two Worlds Whiskey Tote Bag &euro;20,00 Two Worlds [&hellip;]\" \/>\n<meta property=\"og:url\" content=\"https:\/\/twoworldswhiskey.com\/fr\/cart\/\" \/>\n<meta property=\"og:site_name\" content=\"Two Worlds Whiskey\" \/>\n<meta property=\"article:modified_time\" content=\"2024-02-22T06:52:32+00:00\" \/>\n<meta property=\"og:image\" content=\"https:\/\/eadn-wc03-5617602.nxedge.io\/wp-content\/uploads\/2020\/07\/Two-Worlds-Whiskey-American-Masters-Gold-300x300.jpg\" \/>\n<meta name=\"twitter:card\" content=\"summary_large_image\" \/>\n<meta name=\"twitter:label1\" content=\"Est. reading time\" \/>\n\t<meta name=\"twitter:data1\" content=\"2 minutes\" \/>\n<script type=\"application\/ld+json\" class=\"yoast-schema-graph\">{\"@context\":\"https:\\\/\\\/schema.org\",\"@graph\":[{\"@type\":\"WebPage\",\"@id\":\"https:\\\/\\\/twoworldswhiskey.com\\\/cart\\\/\",\"url\":\"https:\\\/\\\/twoworldswhiskey.com\\\/cart\\\/\",\"name\":\"Shopping cart for your bourbon - Two Worlds Whiskey\",\"isPartOf\":{\"@id\":\"https:\\\/\\\/twoworldswhiskey.com\\\/#website\"},\"primaryImageOfPage\":{\"@id\":\"https:\\\/\\\/twoworldswhiskey.com\\\/cart\\\/#primaryimage\"},\"image\":{\"@id\":\"https:\\\/\\\/twoworldswhiskey.com\\\/cart\\\/#primaryimage\"},\"thumbnailUrl\":\"https:\\\/\\\/twoworldswhiskey.com\\\/wp-content\\\/uploads\\\/2020\\\/07\\\/Two-Worlds-Whiskey-American-Masters-Gold-300x300.jpg\",\"datePublished\":\"2023-03-31T13:13:32+00:00\",\"dateModified\":\"2024-02-22T06:52:32+00:00\",\"breadcrumb\":{\"@id\":\"https:\\\/\\\/twoworldswhiskey.com\\\/cart\\\/#breadcrumb\"},\"inLanguage\":\"fr-FR\",\"potentialAction\":[{\"@type\":\"ReadAction\",\"target\":[\"https:\\\/\\\/twoworldswhiskey.com\\\/cart\\\/\"]}]},{\"@type\":\"ImageObject\",\"inLanguage\":\"fr-FR\",\"@id\":\"https:\\\/\\\/twoworldswhiskey.com\\\/cart\\\/#primaryimage\",\"url\":\"https:\\\/\\\/twoworldswhiskey.com\\\/wp-content\\\/uploads\\\/2020\\\/07\\\/Two-Worlds-Whiskey-American-Masters-Gold-300x300.jpg\",\"contentUrl\":\"https:\\\/\\\/twoworldswhiskey.com\\\/wp-content\\\/uploads\\\/2020\\\/07\\\/Two-Worlds-Whiskey-American-Masters-Gold-300x300.jpg\"},{\"@type\":\"BreadcrumbList\",\"@id\":\"https:\\\/\\\/twoworldswhiskey.com\\\/cart\\\/#breadcrumb\",\"itemListElement\":[{\"@type\":\"ListItem\",\"position\":1,\"name\":\"Home\",\"item\":\"https:\\\/\\\/twoworldswhiskey.com\\\/\"},{\"@type\":\"ListItem\",\"position\":2,\"name\":\"Cart\"}]},{\"@type\":\"WebSite\",\"@id\":\"https:\\\/\\\/twoworldswhiskey.com\\\/#website\",\"url\":\"https:\\\/\\\/twoworldswhiskey.com\\\/\",\"name\":\"Two Worlds Whiskey\",\"description\":\"French-American Whiskey\",\"publisher\":{\"@id\":\"https:\\\/\\\/twoworldswhiskey.com\\\/#organization\"},\"potentialAction\":[{\"@type\":\"SearchAction\",\"target\":{\"@type\":\"EntryPoint\",\"urlTemplate\":\"https:\\\/\\\/twoworldswhiskey.com\\\/?s={search_term_string}\"},\"query-input\":{\"@type\":\"PropertyValueSpecification\",\"valueRequired\":true,\"valueName\":\"search_term_string\"}}],\"inLanguage\":\"fr-FR\"},{\"@type\":\"Organization\",\"@id\":\"https:\\\/\\\/twoworldswhiskey.com\\\/#organization\",\"name\":\"Two Worlds Whiskey\",\"url\":\"https:\\\/\\\/twoworldswhiskey.com\\\/\",\"logo\":{\"@type\":\"ImageObject\",\"inLanguage\":\"fr-FR\",\"@id\":\"https:\\\/\\\/twoworldswhiskey.com\\\/#\\\/schema\\\/logo\\\/image\\\/\",\"url\":\"\",\"contentUrl\":\"\",\"caption\":\"Two Worlds Whiskey\"},\"image\":{\"@id\":\"https:\\\/\\\/twoworldswhiskey.com\\\/#\\\/schema\\\/logo\\\/image\\\/\"}}]}<\/script>\n<!-- \/ Yoast SEO plugin. -->","yoast_head_json":{"title":"Shopping cart for your bourbon - Two Worlds Whiskey","robots":{"index":"index","follow":"follow","max-snippet":"max-snippet:-1","max-image-preview":"max-image-preview:large","max-video-preview":"max-video-preview:-1"},"canonical":"https:\/\/twoworldswhiskey.com\/fr\/cart\/","og_locale":"fr_FR","og_type":"article","og_title":"Shopping cart for your bourbon - Two Worlds Whiskey","og_description":"Your Cart Free shipping in France! We deliver throughout the EU, with free shipping offered for delivery in France. Please note items may be shipped separately. Remove item Thumbnail image Product Price Quantity Subtotal &times; La Victoire, Batch 1 &euro;157,50 La Victoire, Batch 1 quantity &euro;1.102,50 &times; Two Worlds Whiskey Tote Bag &euro;20,00 Two Worlds [&hellip;]","og_url":"https:\/\/twoworldswhiskey.com\/fr\/cart\/","og_site_name":"Two Worlds Whiskey","article_modified_time":"2024-02-22T06:52:32+00:00","og_image":[{"url":"https:\/\/eadn-wc03-5617602.nxedge.io\/wp-content\/uploads\/2020\/07\/Two-Worlds-Whiskey-American-Masters-Gold-300x300.jpg","type":"","width":"","height":""}],"twitter_card":"summary_large_image","twitter_misc":{"Est. reading time":"2 minutes"},"schema":{"@context":"https:\/\/schema.org","@graph":[{"@type":"WebPage","@id":"https:\/\/twoworldswhiskey.com\/cart\/","url":"https:\/\/twoworldswhiskey.com\/cart\/","name":"Shopping cart for your bourbon - Two Worlds Whiskey","isPartOf":{"@id":"https:\/\/twoworldswhiskey.com\/#website"},"primaryImageOfPage":{"@id":"https:\/\/twoworldswhiskey.com\/cart\/#primaryimage"},"image":{"@id":"https:\/\/twoworldswhiskey.com\/cart\/#primaryimage"},"thumbnailUrl":"https:\/\/eadn-wc03-5617602.nxedge.io\/wp-content\/uploads\/2020\/07\/Two-Worlds-Whiskey-American-Masters-Gold-300x300.jpg","datePublished":"2023-03-31T13:13:32+00:00","dateModified":"2024-02-22T06:52:32+00:00","breadcrumb":{"@id":"https:\/\/twoworldswhiskey.com\/cart\/#breadcrumb"},"inLanguage":"fr-FR","potentialAction":[{"@type":"ReadAction","target":["https:\/\/twoworldswhiskey.com\/cart\/"]}]},{"@type":"ImageObject","inLanguage":"fr-FR","@id":"https:\/\/twoworldswhiskey.com\/cart\/#primaryimage","url":"https:\/\/eadn-wc03-5617602.nxedge.io\/wp-content\/uploads\/2020\/07\/Two-Worlds-Whiskey-American-Masters-Gold-300x300.jpg","contentUrl":"https:\/\/eadn-wc03-5617602.nxedge.io\/wp-content\/uploads\/2020\/07\/Two-Worlds-Whiskey-American-Masters-Gold-300x300.jpg"},{"@type":"BreadcrumbList","@id":"https:\/\/twoworldswhiskey.com\/cart\/#breadcrumb","itemListElement":[{"@type":"ListItem","position":1,"name":"Home","item":"https:\/\/twoworldswhiskey.com\/"},{"@type":"ListItem","position":2,"name":"Cart"}]},{"@type":"WebSite","@id":"https:\/\/twoworldswhiskey.com\/#website","url":"https:\/\/twoworldswhiskey.com\/","name":"Two Worlds Whiskey","description":"French-American Whiskey","publisher":{"@id":"https:\/\/twoworldswhiskey.com\/#organization"},"potentialAction":[{"@type":"SearchAction","target":{"@type":"EntryPoint","urlTemplate":"https:\/\/twoworldswhiskey.com\/?s={search_term_string}"},"query-input":{"@type":"PropertyValueSpecification","valueRequired":true,"valueName":"search_term_string"}}],"inLanguage":"fr-FR"},{"@type":"Organization","@id":"https:\/\/twoworldswhiskey.com\/#organization","name":"Two Worlds Whiskey","url":"https:\/\/twoworldswhiskey.com\/","logo":{"@type":"ImageObject","inLanguage":"fr-FR","@id":"https:\/\/twoworldswhiskey.com\/#\/schema\/logo\/image\/","url":"","contentUrl":"","caption":"Two Worlds Whiskey"},"image":{"@id":"https:\/\/twoworldswhiskey.com\/#\/schema\/logo\/image\/"}}]}},"jetpack_sharing_enabled":true,"_links":{"self":[{"href":"https:\/\/twoworldswhiskey.com\/fr\/wp-json\/wp\/v2\/pages\/1409","targetHints":{"allow":["GET"]}}],"collection":[{"href":"https:\/\/twoworldswhiskey.com\/fr\/wp-json\/wp\/v2\/pages"}],"about":[{"href":"https:\/\/twoworldswhiskey.com\/fr\/wp-json\/wp\/v2\/types\/page"}],"author":[{"embeddable":true,"href":"https:\/\/twoworldswhiskey.com\/fr\/wp-json\/wp\/v2\/users\/1"}],"replies":[{"embeddable":true,"href":"https:\/\/twoworldswhiskey.com\/fr\/wp-json\/wp\/v2\/comments?post=1409"}],"version-history":[{"count":5,"href":"https:\/\/twoworldswhiskey.com\/fr\/wp-json\/wp\/v2\/pages\/1409\/revisions"}],"predecessor-version":[{"id":2685,"href":"https:\/\/twoworldswhiskey.com\/fr\/wp-json\/wp\/v2\/pages\/1409\/revisions\/2685"}],"wp:attachment":[{"href":"https:\/\/twoworldswhiskey.com\/fr\/wp-json\/wp\/v2\/media?parent=1409"}],"curies":[{"name":"wp","href":"https:\/\/api.w.org\/{rel}","templated":true}]}}