{"id":1723,"date":"2023-12-29T18:20:32","date_gmt":"2023-12-29T18:20:32","guid":{"rendered":"https:\/\/twoworldswhiskey.com\/?post_type=product&#038;p=1723"},"modified":"2025-04-13T19:01:08","modified_gmt":"2025-04-13T19:01:08","slug":"alliance-single-barrel-no-1","status":"publish","type":"product","link":"https:\/\/twoworldswhiskey.com\/fr\/product\/alliance-single-barrel-no-1\/","title":{"rendered":"Alliance Single Barrel No.1"},"content":{"rendered":"<p class=\"cvGsUA direction-ltr align-start para-style-body\"><span class=\"OYPEnA text-decoration-none text-strikethrough-none\">La gamme <strong>Alliance<\/strong> doit son nom \u00e0 la fr\u00e9gate qui a ramen\u00e9 \u00e0 deux reprises <\/span><span class=\"OYPEnA text-decoration-none text-strikethrough-none\">le marquis de Lafayette<\/span><span class=\"OYPEnA text-decoration-none text-strikethrough-none\"> en France pendant la guerre d'ind\u00e9pendance am\u00e9ricaine.<\/span><\/p>\n<p class=\"cvGsUA direction-ltr align-start para-style-body\"><span class=\"OYPEnA text-decoration-none text-strikethrough-none\">Cette version <\/span><strong><span class=\"OYPEnA text-decoration-none text-strikethrough-none\">en f\u00fbt unique<\/span><\/strong><span class=\"OYPEnA text-decoration-none text-strikethrough-none\"> a \u00e9t\u00e9 cr\u00e9\u00e9e \u00e0 partir d'un<\/span><span class=\"OYPEnA text-decoration-none text-strikethrough-none\"> whisky am\u00e9ricain<\/span><span class=\"OYPEnA text-decoration-none text-strikethrough-none\"> \u00e0 quatre grains vieilli en ch\u00eane am\u00e9ricain entre <\/span><span class=\"OYPEnA text-decoration-none text-strikethrough-none\">5 et 11 ans <\/span><span class=\"OYPEnA text-decoration-none text-strikethrough-none\">puis fini dans un <strong>f\u00fbt de vin rouge <\/strong><\/span><strong><span class=\"OYPEnA text-decoration-none text-strikethrough-none\">en ch\u00eane fran\u00e7ais<\/span><\/strong><span class=\"OYPEnA text-decoration-none text-strikethrough-none\"> sur mesure du prestigieux Domaine de la Fr\u00e9gate dans le sud de la France pendant cinq mois.<\/span><\/p>\n<p><span class=\"OYPEnA text-decoration-none text-strikethrough-none\">Ce <\/span><strong><span class=\"OYPEnA text-decoration-none text-strikethrough-none\">whisky brut de f\u00fbt<\/span><\/strong><span class=\"OYPEnA text-decoration-none text-strikethrough-none\"> \u00e9l\u00e9gamment complexe a une bouche<strong> cr\u00e9meuse<\/strong>et enrobante avec des notes de <\/span><strong><span class=\"OYPEnA text-decoration-none text-strikethrough-none\">sabl\u00e9<\/span><\/strong><span class=\"OYPEnA text-decoration-none text-strikethrough-none\"> au beurre, <strong>de cr\u00e8me br\u00fbl\u00e9e <\/strong><\/span><span class=\"OYPEnA text-decoration-none text-strikethrough-none\">\u00e0 la vanille,<\/span><span class=\"OYPEnA text-decoration-none text-strikethrough-none\"> d'orange <\/span><strong><span class=\"OYPEnA text-decoration-none text-strikethrough-none\">confite<\/span><\/strong><span class=\"OYPEnA text-decoration-none text-strikethrough-none\">, <strong>de cannelle<\/strong>, <\/span><span class=\"OYPEnA text-decoration-none text-strikethrough-none\">de clou de girofle<\/span><span class=\"OYPEnA text-decoration-none text-strikethrough-none\">, et d'\u00e9pices <strong>\u00e0 p\u00e2tisserie<\/strong> superpos\u00e9s \u00e0 des notes de <\/span><strong><span class=\"OYPEnA text-decoration-none text-strikethrough-none\">cerise<\/span><\/strong><span class=\"OYPEnA text-decoration-none text-strikethrough-none\">, de figues, <\/span><strong><span class=\"OYPEnA text-decoration-none text-strikethrough-none\">de chocolat<\/span><\/strong><span class=\"OYPEnA text-decoration-none text-strikethrough-none\">, de confiture <strong>de cassis<\/strong>, de tabac fum\u00e9, de grains de <\/span><strong><span class=\"OYPEnA text-decoration-none text-strikethrough-none\">caf\u00e9<\/span><\/strong><span class=\"OYPEnA text-decoration-none text-strikethrough-none\"> torr\u00e9fi\u00e9s, <\/span><span class=\"OYPEnA text-decoration-none text-strikethrough-none\">de pain d'\u00e9pices<\/span><span class=\"OYPEnA text-decoration-none text-strikethrough-none\">, et d'un soup\u00e7on de menthe poivr\u00e9e.<\/span><\/p>\n<p>Seulement <strong>309<\/strong> bouteilles ont \u00e9t\u00e9 produites et chacune d'entre elles est <strong>num\u00e9rot\u00e9e<\/strong>.<\/p>\n<blockquote><p><em>*<strong>Une note pour nos clients aux \u00c9tats-Unis<\/strong>* Unfortunately we are no longer able to ship to the United States. <\/em>We can however hold your reserved bottle for you in France for up to one year for shipment anywhere within the European Union upon request.<\/p>\n<p><em>Pour choisir cette option, veuillez saisir l'adresse de notre entreprise comme adresse de livraison lors du paiement, 37 Boulevard Aristide Briand, 13100 Aix-en-Provence, France, et indiquez-nous simplement quand et o\u00f9 exp\u00e9dier votre bouteille lorsque vous \u00eates pr\u00eat \u00e0 ashley@ twoworldswhisky.com. Merci!\u00a0<\/em><\/p><\/blockquote>","protected":false},"excerpt":{"rendered":"<p>Whisky am\u00e9ricain fini en f\u00fbt de vin rouge en ch\u00eane fran\u00e7ais, 60% alc.\/vol. | 700 ml<\/p>","protected":false},"featured_media":1726,"template":"","meta":{"_acf_changed":false,"inline_featured_image":false},"product_brand":[],"product_cat":[27,30],"product_tag":[47],"class_list":{"0":"post-1723","1":"product","2":"type-product","3":"status-publish","4":"has-post-thumbnail","6":"product_cat-uncategorized","7":"product_cat-whiskey","8":"product_tag-alliance-single-barrel-no-1","10":"first","11":"instock","12":"taxable","13":"shipping-taxable","14":"purchasable","15":"product-type-simple"},"acf":[],"yoast_head":"<!-- This site is optimized with the Yoast SEO plugin v27.3 - https:\/\/yoast.com\/product\/yoast-seo-wordpress\/ -->\n<title>Alliance Single Barrel No.1 - Two Worlds Whiskey<\/title>\n<meta name=\"description\" content=\"This single barrel release was created from a four-grain American whiskey aged in American oak between 5 and 11 years then finished in a custom French oak red wine cask from the prestigious Domaine de la Fr\u00e9gate in the south of France for five months.\" \/>\n<meta name=\"robots\" content=\"index, follow, max-snippet:-1, max-image-preview:large, max-video-preview:-1\" \/>\n<link rel=\"canonical\" href=\"https:\/\/twoworldswhiskey.com\/fr\/product\/alliance-single-barrel-no-1\/\" \/>\n<meta property=\"og:locale\" content=\"fr_FR\" \/>\n<meta property=\"og:type\" content=\"article\" \/>\n<meta property=\"og:title\" content=\"Alliance Single Barrel No.1 - Two Worlds Whiskey\" \/>\n<meta property=\"og:description\" content=\"This single barrel release was created from a four-grain American whiskey aged in American oak between 5 and 11 years then finished in a custom French oak red wine cask from the prestigious Domaine de la Fr\u00e9gate in the south of France for five months.\" \/>\n<meta property=\"og:url\" content=\"https:\/\/twoworldswhiskey.com\/fr\/product\/alliance-single-barrel-no-1\/\" \/>\n<meta property=\"og:site_name\" content=\"Two Worlds Whiskey\" \/>\n<meta property=\"article:modified_time\" content=\"2025-04-13T19:01:08+00:00\" \/>\n<meta property=\"og:image\" content=\"https:\/\/eadn-wc03-5617602.nxedge.io\/wp-content\/uploads\/2023\/12\/TwoWorldsWhiskey_Alliance_BottleInBox_V2.jpg\" \/>\n\t<meta property=\"og:image:width\" content=\"2500\" \/>\n\t<meta property=\"og:image:height\" content=\"2000\" \/>\n\t<meta property=\"og:image:type\" content=\"image\/jpeg\" \/>\n<meta name=\"twitter:card\" content=\"summary_large_image\" \/>\n<meta name=\"twitter:label1\" content=\"Est. reading time\" \/>\n\t<meta name=\"twitter:data1\" content=\"1 minute\" \/>\n<script type=\"application\/ld+json\" class=\"yoast-schema-graph\">{\"@context\":\"https:\\\/\\\/schema.org\",\"@graph\":[{\"@type\":\"WebPage\",\"@id\":\"https:\\\/\\\/twoworldswhiskey.com\\\/product\\\/alliance-single-barrel-no-1\\\/\",\"url\":\"https:\\\/\\\/twoworldswhiskey.com\\\/product\\\/alliance-single-barrel-no-1\\\/\",\"name\":\"Alliance Single Barrel No.1 - Two Worlds Whiskey\",\"isPartOf\":{\"@id\":\"https:\\\/\\\/twoworldswhiskey.com\\\/#website\"},\"primaryImageOfPage\":{\"@id\":\"https:\\\/\\\/twoworldswhiskey.com\\\/product\\\/alliance-single-barrel-no-1\\\/#primaryimage\"},\"image\":{\"@id\":\"https:\\\/\\\/twoworldswhiskey.com\\\/product\\\/alliance-single-barrel-no-1\\\/#primaryimage\"},\"thumbnailUrl\":\"https:\\\/\\\/twoworldswhiskey.com\\\/wp-content\\\/uploads\\\/2023\\\/12\\\/TwoWorldsWhiskey_Alliance_BottleInBox_V2.jpg\",\"datePublished\":\"2023-12-29T18:20:32+00:00\",\"dateModified\":\"2025-04-13T19:01:08+00:00\",\"description\":\"This single barrel release was created from a four-grain American whiskey aged in American oak between 5 and 11 years then finished in a custom French oak red wine cask from the prestigious Domaine de la Fr\u00e9gate in the south of France for five months.\",\"breadcrumb\":{\"@id\":\"https:\\\/\\\/twoworldswhiskey.com\\\/product\\\/alliance-single-barrel-no-1\\\/#breadcrumb\"},\"inLanguage\":\"fr-FR\",\"potentialAction\":[{\"@type\":\"ReadAction\",\"target\":[\"https:\\\/\\\/twoworldswhiskey.com\\\/product\\\/alliance-single-barrel-no-1\\\/\"]}]},{\"@type\":\"ImageObject\",\"inLanguage\":\"fr-FR\",\"@id\":\"https:\\\/\\\/twoworldswhiskey.com\\\/product\\\/alliance-single-barrel-no-1\\\/#primaryimage\",\"url\":\"https:\\\/\\\/twoworldswhiskey.com\\\/wp-content\\\/uploads\\\/2023\\\/12\\\/TwoWorldsWhiskey_Alliance_BottleInBox_V2.jpg\",\"contentUrl\":\"https:\\\/\\\/twoworldswhiskey.com\\\/wp-content\\\/uploads\\\/2023\\\/12\\\/TwoWorldsWhiskey_Alliance_BottleInBox_V2.jpg\",\"width\":2500,\"height\":2000},{\"@type\":\"BreadcrumbList\",\"@id\":\"https:\\\/\\\/twoworldswhiskey.com\\\/product\\\/alliance-single-barrel-no-1\\\/#breadcrumb\",\"itemListElement\":[{\"@type\":\"ListItem\",\"position\":1,\"name\":\"Home\",\"item\":\"https:\\\/\\\/twoworldswhiskey.com\\\/\"},{\"@type\":\"ListItem\",\"position\":2,\"name\":\"Shop\",\"item\":\"https:\\\/\\\/twoworldswhiskey.com\\\/shop\\\/\"},{\"@type\":\"ListItem\",\"position\":3,\"name\":\"Alliance Single Barrel No.1\"}]},{\"@type\":\"WebSite\",\"@id\":\"https:\\\/\\\/twoworldswhiskey.com\\\/#website\",\"url\":\"https:\\\/\\\/twoworldswhiskey.com\\\/\",\"name\":\"Two Worlds Whiskey\",\"description\":\"French-American Whiskey\",\"publisher\":{\"@id\":\"https:\\\/\\\/twoworldswhiskey.com\\\/#organization\"},\"potentialAction\":[{\"@type\":\"SearchAction\",\"target\":{\"@type\":\"EntryPoint\",\"urlTemplate\":\"https:\\\/\\\/twoworldswhiskey.com\\\/?s={search_term_string}\"},\"query-input\":{\"@type\":\"PropertyValueSpecification\",\"valueRequired\":true,\"valueName\":\"search_term_string\"}}],\"inLanguage\":\"fr-FR\"},{\"@type\":\"Organization\",\"@id\":\"https:\\\/\\\/twoworldswhiskey.com\\\/#organization\",\"name\":\"Two Worlds Whiskey\",\"url\":\"https:\\\/\\\/twoworldswhiskey.com\\\/\",\"logo\":{\"@type\":\"ImageObject\",\"inLanguage\":\"fr-FR\",\"@id\":\"https:\\\/\\\/twoworldswhiskey.com\\\/#\\\/schema\\\/logo\\\/image\\\/\",\"url\":\"\",\"contentUrl\":\"\",\"caption\":\"Two Worlds Whiskey\"},\"image\":{\"@id\":\"https:\\\/\\\/twoworldswhiskey.com\\\/#\\\/schema\\\/logo\\\/image\\\/\"}}]}<\/script>\n<!-- \/ Yoast SEO plugin. -->","yoast_head_json":{"title":"Alliance Single Barrel No.1 - Two Worlds Whiskey","description":"This single barrel release was created from a four-grain American whiskey aged in American oak between 5 and 11 years then finished in a custom French oak red wine cask from the prestigious Domaine de la Fr\u00e9gate in the south of France for five months.","robots":{"index":"index","follow":"follow","max-snippet":"max-snippet:-1","max-image-preview":"max-image-preview:large","max-video-preview":"max-video-preview:-1"},"canonical":"https:\/\/twoworldswhiskey.com\/fr\/product\/alliance-single-barrel-no-1\/","og_locale":"fr_FR","og_type":"article","og_title":"Alliance Single Barrel No.1 - Two Worlds Whiskey","og_description":"This single barrel release was created from a four-grain American whiskey aged in American oak between 5 and 11 years then finished in a custom French oak red wine cask from the prestigious Domaine de la Fr\u00e9gate in the south of France for five months.","og_url":"https:\/\/twoworldswhiskey.com\/fr\/product\/alliance-single-barrel-no-1\/","og_site_name":"Two Worlds Whiskey","article_modified_time":"2025-04-13T19:01:08+00:00","og_image":[{"width":2500,"height":2000,"url":"https:\/\/eadn-wc03-5617602.nxedge.io\/wp-content\/uploads\/2023\/12\/TwoWorldsWhiskey_Alliance_BottleInBox_V2.jpg","type":"image\/jpeg"}],"twitter_card":"summary_large_image","twitter_misc":{"Est. reading time":"1 minute"},"schema":{"@context":"https:\/\/schema.org","@graph":[{"@type":"WebPage","@id":"https:\/\/twoworldswhiskey.com\/product\/alliance-single-barrel-no-1\/","url":"https:\/\/twoworldswhiskey.com\/product\/alliance-single-barrel-no-1\/","name":"Alliance Single Barrel No.1 - Two Worlds Whiskey","isPartOf":{"@id":"https:\/\/twoworldswhiskey.com\/#website"},"primaryImageOfPage":{"@id":"https:\/\/twoworldswhiskey.com\/product\/alliance-single-barrel-no-1\/#primaryimage"},"image":{"@id":"https:\/\/twoworldswhiskey.com\/product\/alliance-single-barrel-no-1\/#primaryimage"},"thumbnailUrl":"https:\/\/eadn-wc03-5617602.nxedge.io\/wp-content\/uploads\/2023\/12\/TwoWorldsWhiskey_Alliance_BottleInBox_V2.jpg","datePublished":"2023-12-29T18:20:32+00:00","dateModified":"2025-04-13T19:01:08+00:00","description":"This single barrel release was created from a four-grain American whiskey aged in American oak between 5 and 11 years then finished in a custom French oak red wine cask from the prestigious Domaine de la Fr\u00e9gate in the south of France for five months.","breadcrumb":{"@id":"https:\/\/twoworldswhiskey.com\/product\/alliance-single-barrel-no-1\/#breadcrumb"},"inLanguage":"fr-FR","potentialAction":[{"@type":"ReadAction","target":["https:\/\/twoworldswhiskey.com\/product\/alliance-single-barrel-no-1\/"]}]},{"@type":"ImageObject","inLanguage":"fr-FR","@id":"https:\/\/twoworldswhiskey.com\/product\/alliance-single-barrel-no-1\/#primaryimage","url":"https:\/\/eadn-wc03-5617602.nxedge.io\/wp-content\/uploads\/2023\/12\/TwoWorldsWhiskey_Alliance_BottleInBox_V2.jpg","contentUrl":"https:\/\/eadn-wc03-5617602.nxedge.io\/wp-content\/uploads\/2023\/12\/TwoWorldsWhiskey_Alliance_BottleInBox_V2.jpg","width":2500,"height":2000},{"@type":"BreadcrumbList","@id":"https:\/\/twoworldswhiskey.com\/product\/alliance-single-barrel-no-1\/#breadcrumb","itemListElement":[{"@type":"ListItem","position":1,"name":"Home","item":"https:\/\/twoworldswhiskey.com\/"},{"@type":"ListItem","position":2,"name":"Shop","item":"https:\/\/twoworldswhiskey.com\/shop\/"},{"@type":"ListItem","position":3,"name":"Alliance Single Barrel No.1"}]},{"@type":"WebSite","@id":"https:\/\/twoworldswhiskey.com\/#website","url":"https:\/\/twoworldswhiskey.com\/","name":"Two Worlds Whiskey","description":"French-American Whiskey","publisher":{"@id":"https:\/\/twoworldswhiskey.com\/#organization"},"potentialAction":[{"@type":"SearchAction","target":{"@type":"EntryPoint","urlTemplate":"https:\/\/twoworldswhiskey.com\/?s={search_term_string}"},"query-input":{"@type":"PropertyValueSpecification","valueRequired":true,"valueName":"search_term_string"}}],"inLanguage":"fr-FR"},{"@type":"Organization","@id":"https:\/\/twoworldswhiskey.com\/#organization","name":"Two Worlds Whiskey","url":"https:\/\/twoworldswhiskey.com\/","logo":{"@type":"ImageObject","inLanguage":"fr-FR","@id":"https:\/\/twoworldswhiskey.com\/#\/schema\/logo\/image\/","url":"","contentUrl":"","caption":"Two Worlds Whiskey"},"image":{"@id":"https:\/\/twoworldswhiskey.com\/#\/schema\/logo\/image\/"}}]}},"jetpack_sharing_enabled":true,"_links":{"self":[{"href":"https:\/\/twoworldswhiskey.com\/fr\/wp-json\/wp\/v2\/product\/1723","targetHints":{"allow":["GET"]}}],"collection":[{"href":"https:\/\/twoworldswhiskey.com\/fr\/wp-json\/wp\/v2\/product"}],"about":[{"href":"https:\/\/twoworldswhiskey.com\/fr\/wp-json\/wp\/v2\/types\/product"}],"version-history":[{"count":2,"href":"https:\/\/twoworldswhiskey.com\/fr\/wp-json\/wp\/v2\/product\/1723\/revisions"}],"predecessor-version":[{"id":2829,"href":"https:\/\/twoworldswhiskey.com\/fr\/wp-json\/wp\/v2\/product\/1723\/revisions\/2829"}],"wp:featuredmedia":[{"embeddable":true,"href":"https:\/\/twoworldswhiskey.com\/fr\/wp-json\/wp\/v2\/media\/1726"}],"wp:attachment":[{"href":"https:\/\/twoworldswhiskey.com\/fr\/wp-json\/wp\/v2\/media?parent=1723"}],"wp:term":[{"taxonomy":"product_brand","embeddable":true,"href":"https:\/\/twoworldswhiskey.com\/fr\/wp-json\/wp\/v2\/product_brand?post=1723"},{"taxonomy":"product_cat","embeddable":true,"href":"https:\/\/twoworldswhiskey.com\/fr\/wp-json\/wp\/v2\/product_cat?post=1723"},{"taxonomy":"product_tag","embeddable":true,"href":"https:\/\/twoworldswhiskey.com\/fr\/wp-json\/wp\/v2\/product_tag?post=1723"}],"curies":[{"name":"wp","href":"https:\/\/api.w.org\/{rel}","templated":true}]}}