{"id":711,"date":"2020-07-05T16:32:11","date_gmt":"2020-07-05T16:32:11","guid":{"rendered":"https:\/\/twoworldswhiskey.com\/?post_type=product&#038;p=711"},"modified":"2025-11-29T16:59:11","modified_gmt":"2025-11-29T16:59:11","slug":"la-victoire-batch-1","status":"publish","type":"product","link":"https:\/\/twoworldswhiskey.com\/fr\/product\/la-victoire-batch-1\/","title":{"rendered":"La Victoire Batch 1"},"content":{"rendered":"<div data-elementor-type=\"product-post\" data-elementor-id=\"711\" class=\"elementor elementor-711\" data-elementor-post-type=\"product\">\n\t\t\t\t<div class=\"elementor-element elementor-element-84e2492 e-flex e-con-boxed e-con e-parent\" data-id=\"84e2492\" data-element_type=\"container\" data-e-type=\"container\">\n\t\t\t\t\t<div class=\"e-con-inner\">\n\t\t<div class=\"elementor-element elementor-element-b8ed02d animated-slow e-con-full e-flex elementor-invisible e-con e-child\" data-id=\"b8ed02d\" data-element_type=\"container\" data-e-type=\"container\" data-settings=\"{&quot;animation&quot;:&quot;fadeInUp&quot;}\">\n\t\t\t\t<div class=\"elementor-element elementor-element-6ca80ea elementor-widget elementor-widget-image\" data-id=\"6ca80ea\" data-element_type=\"widget\" data-e-type=\"widget\" data-widget_type=\"image.default\">\n\t\t\t\t<div class=\"elementor-widget-container\">\n\t\t\t\t\t\t\t\t\t\t\t\t\t\t\t<img fetchpriority=\"high\" decoding=\"async\" width=\"800\" height=\"901\" src=\"https:\/\/eadn-wc03-5617602.nxedge.io\/wp-content\/uploads\/2023\/03\/Two-Worlds-Whiskey-Bottle-American-Masters-Gold-909x1024.png\" class=\"attachment-large size-large wp-image-1265\" alt=\"\" srcset=\"https:\/\/eadn-wc03-5617602.nxedge.io\/wp-content\/uploads\/2023\/03\/Two-Worlds-Whiskey-Bottle-American-Masters-Gold-909x1024.png 909w, https:\/\/eadn-wc03-5617602.nxedge.io\/wp-content\/uploads\/2023\/03\/Two-Worlds-Whiskey-Bottle-American-Masters-Gold-1024x1153.png 1024w, https:\/\/eadn-wc03-5617602.nxedge.io\/wp-content\/uploads\/2023\/03\/Two-Worlds-Whiskey-Bottle-American-Masters-Gold-266x300.png 266w, https:\/\/eadn-wc03-5617602.nxedge.io\/wp-content\/uploads\/2023\/03\/Two-Worlds-Whiskey-Bottle-American-Masters-Gold-768x865.png 768w, https:\/\/eadn-wc03-5617602.nxedge.io\/wp-content\/uploads\/2023\/03\/Two-Worlds-Whiskey-Bottle-American-Masters-Gold-1364x1536.png 1364w, https:\/\/eadn-wc03-5617602.nxedge.io\/wp-content\/uploads\/2023\/03\/Two-Worlds-Whiskey-Bottle-American-Masters-Gold-11x12.png 11w, https:\/\/eadn-wc03-5617602.nxedge.io\/wp-content\/uploads\/2023\/03\/Two-Worlds-Whiskey-Bottle-American-Masters-Gold-1320x1487.png 1320w, https:\/\/eadn-wc03-5617602.nxedge.io\/wp-content\/uploads\/2023\/03\/Two-Worlds-Whiskey-Bottle-American-Masters-Gold.png 1376w\" sizes=\"(max-width: 800px) 100vw, 800px\" \/>\t\t\t\t\t\t\t\t\t\t\t\t\t\t\t<\/div>\n\t\t\t\t<\/div>\n\t\t\t\t<\/div>\n\t\t<div class=\"elementor-element elementor-element-159eb78 animated-slow e-con-full e-flex elementor-invisible e-con e-child\" data-id=\"159eb78\" data-element_type=\"container\" data-e-type=\"container\" data-settings=\"{&quot;animation&quot;:&quot;fadeInUp&quot;,&quot;animation_delay&quot;:200}\">\n\t\t\t\t<div class=\"elementor-element elementor-element-19c036c elementor-widget elementor-widget-text-editor\" data-id=\"19c036c\" data-element_type=\"widget\" data-e-type=\"widget\" data-widget_type=\"text-editor.default\">\n\t\t\t\t<div class=\"elementor-widget-container\">\n\t\t\t\t\t\t\t\t\t<p>Afin de rendre hommage au voyage inaugural de La Fayette en Am\u00e9rique, cette premi\u00e8re \u00e9dition du Two Worlds Whiskey a \u00e9t\u00e9 sp\u00e9cialement cr\u00e9\u00e9e pour l'alli\u00e9 historique de l'Am\u00e9rique, la France.\u00a0<\/p><p>Avec une petite de cuv\u00e9e de seulement 11 f\u00fbts, le whisky La Victoire, Batch 1 est compos\u00e9 d\u2019un c\u0153ur de straight bourbon whiskey complexe de 14 ans d'\u00e2ge, \u00e9quilibr\u00e9 par un straight bourbon whiskey d\u00e9licat et fruit\u00e9 de quatre ans d'\u00e2ge et compl\u00e9t\u00e9 par un bourbon onctueux de cinq ans d'\u00e2ge.\u00a0<\/p><p>Le r\u00e9sultat\u2009? Un whiskey d\u00e9lectable avec des notes de caramel beurre sal\u00e9, de tarte tatin, de cr\u00e8me p\u00e2tissi\u00e8re, de poire fra\u00eeche, d'abricot, de noix de muscade, cannelle et de clou de girofle qui se marie \u00e0 merveille avec les desserts ou se d\u00e9guste en digestif.<\/p>\t\t\t\t\t\t\t\t<\/div>\n\t\t\t\t<\/div>\n\t\t\t\t<\/div>\n\t\t\t\t\t<\/div>\n\t\t\t\t<\/div>\n\t\t\t\t<section class=\"elementor-section elementor-top-section elementor-element elementor-element-6e328fa animated-slow elementor-section-boxed elementor-section-height-default elementor-section-height-default elementor-invisible\" data-id=\"6e328fa\" data-element_type=\"section\" data-e-type=\"section\" data-settings=\"{&quot;animation&quot;:&quot;fadeIn&quot;}\">\n\t\t\t\t\t\t<div class=\"elementor-container elementor-column-gap-default\">\n\t\t\t\t\t<div class=\"elementor-column elementor-col-100 elementor-top-column elementor-element elementor-element-f0ce156\" data-id=\"f0ce156\" data-element_type=\"column\" data-e-type=\"column\">\n\t\t\t<div class=\"elementor-widget-wrap elementor-element-populated\">\n\t\t\t\t\t\t<div class=\"elementor-element elementor-element-c142a0b elementor-hidden-phone elementor-widget elementor-widget-image\" data-id=\"c142a0b\" data-element_type=\"widget\" data-e-type=\"widget\" data-widget_type=\"image.default\">\n\t\t\t\t<div class=\"elementor-widget-container\">\n\t\t\t\t\t\t\t\t\t\t\t\t\t\t\t<img decoding=\"async\" width=\"76\" height=\"81\" src=\"https:\/\/eadn-wc03-5617602.nxedge.io\/wp-content\/uploads\/2023\/03\/Corner-Upper-Right.png\" class=\"attachment-large size-large wp-image-1254\" alt=\"\" srcset=\"https:\/\/eadn-wc03-5617602.nxedge.io\/wp-content\/uploads\/2023\/03\/Corner-Upper-Right.png 76w, https:\/\/eadn-wc03-5617602.nxedge.io\/wp-content\/uploads\/2023\/03\/Corner-Upper-Right-11x12.png 11w\" sizes=\"(max-width: 76px) 100vw, 76px\" \/>\t\t\t\t\t\t\t\t\t\t\t\t\t\t\t<\/div>\n\t\t\t\t<\/div>\n\t\t\t\t<div class=\"elementor-element elementor-element-aeb8313 elementor-widget elementor-widget-html\" data-id=\"aeb8313\" data-element_type=\"widget\" data-e-type=\"widget\" data-widget_type=\"html.default\">\n\t\t\t\t<div class=\"elementor-widget-container\">\n\t\t\t\t\t<script src=\"https:\/\/fast.wistia.com\/embed\/medias\/8bnqpfksv6.jsonp\" async><\/script><script src=\"https:\/\/fast.wistia.com\/assets\/external\/E-v1.js\" async><\/script><div class=\"wistia_responsive_padding\" style=\"padding:56.25% 0 0 0;position:relative;\"><div class=\"wistia_responsive_wrapper\" style=\"height:100%;left:0;position:absolute;top:0;width:100%;\"><div class=\"wistia_embed wistia_async_8bnqpfksv6 videoFoam=true\" style=\"height:100%;position:relative;width:100%\"><div class=\"wistia_swatch\" style=\"height:100%;left:0;opacity:0;overflow:hidden;position:absolute;top:0;transition:opacity 200ms;width:100%;\"><img decoding=\"async\" src=\"https:\/\/fast.wistia.com\/embed\/medias\/8bnqpfksv6\/swatch\" style=\"filter:blur(5px);height:100%;object-fit:contain;width:100%;\" alt=\"\" aria-hidden=\"true\" onload=\"this.parentNode.style.opacity=1;\" \/><\/div><\/div><\/div><\/div>\t\t\t\t<\/div>\n\t\t\t\t<\/div>\n\t\t\t\t<div class=\"elementor-element elementor-element-3ce09ca elementor-hidden-phone elementor-widget elementor-widget-image\" data-id=\"3ce09ca\" data-element_type=\"widget\" data-e-type=\"widget\" data-widget_type=\"image.default\">\n\t\t\t\t<div class=\"elementor-widget-container\">\n\t\t\t\t\t\t\t\t\t\t\t\t\t\t\t<img decoding=\"async\" width=\"76\" height=\"81\" src=\"https:\/\/eadn-wc03-5617602.nxedge.io\/wp-content\/uploads\/2023\/03\/Corner-Lower-Left.png\" class=\"attachment-large size-large wp-image-1255\" alt=\"\" srcset=\"https:\/\/eadn-wc03-5617602.nxedge.io\/wp-content\/uploads\/2023\/03\/Corner-Lower-Left.png 76w, https:\/\/eadn-wc03-5617602.nxedge.io\/wp-content\/uploads\/2023\/03\/Corner-Lower-Left-11x12.png 11w\" sizes=\"(max-width: 76px) 100vw, 76px\" \/>\t\t\t\t\t\t\t\t\t\t\t\t\t\t\t<\/div>\n\t\t\t\t<\/div>\n\t\t\t\t\t<\/div>\n\t\t<\/div>\n\t\t\t\t\t<\/div>\n\t\t<\/section>\n\t\t<div class=\"elementor-element elementor-element-cce4b6a e-flex e-con-boxed e-con e-parent\" data-id=\"cce4b6a\" data-element_type=\"container\" data-e-type=\"container\">\n\t\t\t\t\t<div class=\"e-con-inner\">\n\t\t\t\t<div class=\"elementor-element elementor-element-f51a1d8 animated-slow elementor-invisible elementor-widget elementor-widget-heading\" data-id=\"f51a1d8\" data-element_type=\"widget\" data-e-type=\"widget\" data-settings=\"{&quot;_animation&quot;:&quot;fadeInUp&quot;}\" data-widget_type=\"heading.default\">\n\t\t\t\t<div class=\"elementor-widget-container\">\n\t\t\t\t\t<h4 class=\"elementor-heading-title elementor-size-default\">Brut de f\u00fbt. Aucun additif. Non filtr\u00e9 \u00e0 froid.\n<\/h4>\t\t\t\t<\/div>\n\t\t\t\t<\/div>\n\t\t\t\t<div class=\"elementor-element elementor-element-76ecfe9 elementor-align-center animated-slow elementor-invisible elementor-widget elementor-widget-button\" data-id=\"76ecfe9\" data-element_type=\"widget\" data-e-type=\"widget\" data-settings=\"{&quot;_animation&quot;:&quot;fadeInUp&quot;}\" data-widget_type=\"button.default\">\n\t\t\t\t<div class=\"elementor-widget-container\">\n\t\t\t\t\t\t\t\t\t<div class=\"elementor-button-wrapper\">\n\t\t\t\t\t<a class=\"elementor-button elementor-button-link elementor-size-sm\" href=\"https:\/\/twoworldswhiskey.com\/fr\/shop\/\">\n\t\t\t\t\t\t<span class=\"elementor-button-content-wrapper\">\n\t\t\t\t\t\t\t\t\t<span class=\"elementor-button-text\">COMMANDEZ<\/span>\n\t\t\t\t\t<\/span>\n\t\t\t\t\t<\/a>\n\t\t\t\t<\/div>\n\t\t\t\t\t\t\t\t<\/div>\n\t\t\t\t<\/div>\n\t\t<div class=\"elementor-element elementor-element-8aa3b97 e-con-full e-flex e-con e-child\" data-id=\"8aa3b97\" data-element_type=\"container\" data-e-type=\"container\">\n\t\t\t\t<div class=\"elementor-element elementor-element-746f056 elementor-align-center elementor-widget elementor-widget-button\" data-id=\"746f056\" data-element_type=\"widget\" data-e-type=\"widget\" data-widget_type=\"button.default\">\n\t\t\t\t<div class=\"elementor-widget-container\">\n\t\t\t\t\t\t\t\t\t<div class=\"elementor-button-wrapper\">\n\t\t\t\t\t<a class=\"elementor-button elementor-button-link elementor-size-sm\" href=\"https:\/\/twoworldswhiskey.com\/fr\/la-victoire\/\">\n\t\t\t\t\t\t<span class=\"elementor-button-content-wrapper\">\n\t\t\t\t\t\t\t\t\t<span class=\"elementor-button-text\">La Gamme La Victoire<\/span>\n\t\t\t\t\t<\/span>\n\t\t\t\t\t<\/a>\n\t\t\t\t<\/div>\n\t\t\t\t\t\t\t\t<\/div>\n\t\t\t\t<\/div>\n\t\t\t\t<div class=\"elementor-element elementor-element-52b36bf elementor-align-center elementor-widget elementor-widget-button\" data-id=\"52b36bf\" data-element_type=\"widget\" data-e-type=\"widget\" data-widget_type=\"button.default\">\n\t\t\t\t<div class=\"elementor-widget-container\">\n\t\t\t\t\t\t\t\t\t<div class=\"elementor-button-wrapper\">\n\t\t\t\t\t<a class=\"elementor-button elementor-button-link elementor-size-sm\" href=\"https:\/\/twoworldswhiskey.com\/fr\/our-whiskies\/\">\n\t\t\t\t\t\t<span class=\"elementor-button-content-wrapper\">\n\t\t\t\t\t\t\t\t\t<span class=\"elementor-button-text\">Nos Whiskeys<\/span>\n\t\t\t\t\t<\/span>\n\t\t\t\t\t<\/a>\n\t\t\t\t<\/div>\n\t\t\t\t\t\t\t\t<\/div>\n\t\t\t\t<\/div>\n\t\t\t\t<div class=\"elementor-element elementor-element-628ad79 elementor-align-center elementor-widget elementor-widget-button\" data-id=\"628ad79\" data-element_type=\"widget\" data-e-type=\"widget\" data-widget_type=\"button.default\">\n\t\t\t\t<div class=\"elementor-widget-container\">\n\t\t\t\t\t\t\t\t\t<div class=\"elementor-button-wrapper\">\n\t\t\t\t\t<a class=\"elementor-button elementor-button-link elementor-size-sm\" href=\"https:\/\/twoworldswhiskey.com\/fr\/la-victoire-batch-2\/\">\n\t\t\t\t\t\t<span class=\"elementor-button-content-wrapper\">\n\t\t\t\t\t\t\t\t\t<span class=\"elementor-button-text\">La Victoire Batch 2<\/span>\n\t\t\t\t\t<\/span>\n\t\t\t\t\t<\/a>\n\t\t\t\t<\/div>\n\t\t\t\t\t\t\t\t<\/div>\n\t\t\t\t<\/div>\n\t\t\t\t<\/div>\n\t\t\t\t\t<\/div>\n\t\t\t\t<\/div>\n\t\t\t\t<\/div>","protected":false},"excerpt":{"rendered":"<p>Whisky straight bourbon, 54,7% alc.\/vol., seulement 2 107 bouteilles produites.<\/p>","protected":false},"featured_media":890,"template":"","meta":{"_acf_changed":false,"inline_featured_image":false},"product_brand":[],"product_cat":[30],"product_tag":[],"class_list":{"0":"post-711","1":"product","2":"type-product","3":"status-publish","4":"has-post-thumbnail","6":"product_cat-whiskey","8":"first","9":"instock","10":"taxable","11":"shipping-taxable","12":"purchasable","13":"product-type-simple"},"acf":[],"yoast_head":"<!-- This site is optimized with the Yoast SEO plugin v27.3 - https:\/\/yoast.com\/product\/yoast-seo-wordpress\/ -->\n<title>La Victoire Batch 1 - Two Worlds Whiskey<\/title>\n<meta name=\"robots\" content=\"index, follow, max-snippet:-1, max-image-preview:large, max-video-preview:-1\" \/>\n<link rel=\"canonical\" href=\"https:\/\/twoworldswhiskey.com\/fr\/product\/la-victoire-batch-1\/\" \/>\n<meta property=\"og:locale\" content=\"fr_FR\" \/>\n<meta property=\"og:type\" content=\"article\" \/>\n<meta property=\"og:title\" content=\"La Victoire Batch 1 - Two Worlds Whiskey\" \/>\n<meta property=\"og:description\" content=\"Straight bourbon whiskey, 54.7% alc.\/vol., only 2,107 bottles produced.\" \/>\n<meta property=\"og:url\" content=\"https:\/\/twoworldswhiskey.com\/fr\/product\/la-victoire-batch-1\/\" \/>\n<meta property=\"og:site_name\" content=\"Two Worlds Whiskey\" \/>\n<meta property=\"article:modified_time\" content=\"2025-11-29T16:59:11+00:00\" \/>\n<meta property=\"og:image\" content=\"https:\/\/eadn-wc03-5617602.nxedge.io\/wp-content\/uploads\/2020\/07\/Two-Worlds-Whiskey-American-Masters-Gold.jpg\" \/>\n\t<meta property=\"og:image:width\" content=\"2299\" \/>\n\t<meta property=\"og:image:height\" content=\"2083\" \/>\n\t<meta property=\"og:image:type\" content=\"image\/jpeg\" \/>\n<meta name=\"twitter:card\" content=\"summary_large_image\" \/>\n<meta name=\"twitter:label1\" content=\"Est. reading time\" \/>\n\t<meta name=\"twitter:data1\" content=\"2 minutes\" \/>\n<script type=\"application\/ld+json\" class=\"yoast-schema-graph\">{\"@context\":\"https:\\\/\\\/schema.org\",\"@graph\":[{\"@type\":\"WebPage\",\"@id\":\"https:\\\/\\\/twoworldswhiskey.com\\\/product\\\/la-victoire-batch-1\\\/\",\"url\":\"https:\\\/\\\/twoworldswhiskey.com\\\/product\\\/la-victoire-batch-1\\\/\",\"name\":\"La Victoire Batch 1 - Two Worlds Whiskey\",\"isPartOf\":{\"@id\":\"https:\\\/\\\/twoworldswhiskey.com\\\/#website\"},\"primaryImageOfPage\":{\"@id\":\"https:\\\/\\\/twoworldswhiskey.com\\\/product\\\/la-victoire-batch-1\\\/#primaryimage\"},\"image\":{\"@id\":\"https:\\\/\\\/twoworldswhiskey.com\\\/product\\\/la-victoire-batch-1\\\/#primaryimage\"},\"thumbnailUrl\":\"https:\\\/\\\/twoworldswhiskey.com\\\/wp-content\\\/uploads\\\/2020\\\/07\\\/Two-Worlds-Whiskey-American-Masters-Gold.jpg\",\"datePublished\":\"2020-07-05T16:32:11+00:00\",\"dateModified\":\"2025-11-29T16:59:11+00:00\",\"breadcrumb\":{\"@id\":\"https:\\\/\\\/twoworldswhiskey.com\\\/product\\\/la-victoire-batch-1\\\/#breadcrumb\"},\"inLanguage\":\"fr-FR\",\"potentialAction\":[{\"@type\":\"ReadAction\",\"target\":[\"https:\\\/\\\/twoworldswhiskey.com\\\/product\\\/la-victoire-batch-1\\\/\"]}]},{\"@type\":\"ImageObject\",\"inLanguage\":\"fr-FR\",\"@id\":\"https:\\\/\\\/twoworldswhiskey.com\\\/product\\\/la-victoire-batch-1\\\/#primaryimage\",\"url\":\"https:\\\/\\\/twoworldswhiskey.com\\\/wp-content\\\/uploads\\\/2020\\\/07\\\/Two-Worlds-Whiskey-American-Masters-Gold.jpg\",\"contentUrl\":\"https:\\\/\\\/twoworldswhiskey.com\\\/wp-content\\\/uploads\\\/2020\\\/07\\\/Two-Worlds-Whiskey-American-Masters-Gold.jpg\",\"width\":2299,\"height\":2083,\"caption\":\"Two Worlds Whiskey La Victoire with American Whiskey Masters Gold Medal for 2020\"},{\"@type\":\"BreadcrumbList\",\"@id\":\"https:\\\/\\\/twoworldswhiskey.com\\\/product\\\/la-victoire-batch-1\\\/#breadcrumb\",\"itemListElement\":[{\"@type\":\"ListItem\",\"position\":1,\"name\":\"Home\",\"item\":\"https:\\\/\\\/twoworldswhiskey.com\\\/\"},{\"@type\":\"ListItem\",\"position\":2,\"name\":\"Shop\",\"item\":\"https:\\\/\\\/twoworldswhiskey.com\\\/shop\\\/\"},{\"@type\":\"ListItem\",\"position\":3,\"name\":\"La Victoire Batch 1\"}]},{\"@type\":\"WebSite\",\"@id\":\"https:\\\/\\\/twoworldswhiskey.com\\\/#website\",\"url\":\"https:\\\/\\\/twoworldswhiskey.com\\\/\",\"name\":\"Two Worlds Whiskey\",\"description\":\"French-American Whiskey\",\"publisher\":{\"@id\":\"https:\\\/\\\/twoworldswhiskey.com\\\/#organization\"},\"potentialAction\":[{\"@type\":\"SearchAction\",\"target\":{\"@type\":\"EntryPoint\",\"urlTemplate\":\"https:\\\/\\\/twoworldswhiskey.com\\\/?s={search_term_string}\"},\"query-input\":{\"@type\":\"PropertyValueSpecification\",\"valueRequired\":true,\"valueName\":\"search_term_string\"}}],\"inLanguage\":\"fr-FR\"},{\"@type\":\"Organization\",\"@id\":\"https:\\\/\\\/twoworldswhiskey.com\\\/#organization\",\"name\":\"Two Worlds Whiskey\",\"url\":\"https:\\\/\\\/twoworldswhiskey.com\\\/\",\"logo\":{\"@type\":\"ImageObject\",\"inLanguage\":\"fr-FR\",\"@id\":\"https:\\\/\\\/twoworldswhiskey.com\\\/#\\\/schema\\\/logo\\\/image\\\/\",\"url\":\"\",\"contentUrl\":\"\",\"caption\":\"Two Worlds Whiskey\"},\"image\":{\"@id\":\"https:\\\/\\\/twoworldswhiskey.com\\\/#\\\/schema\\\/logo\\\/image\\\/\"}}]}<\/script>\n<!-- \/ Yoast SEO plugin. -->","yoast_head_json":{"title":"La Victoire Batch 1 - Two Worlds Whiskey","robots":{"index":"index","follow":"follow","max-snippet":"max-snippet:-1","max-image-preview":"max-image-preview:large","max-video-preview":"max-video-preview:-1"},"canonical":"https:\/\/twoworldswhiskey.com\/fr\/product\/la-victoire-batch-1\/","og_locale":"fr_FR","og_type":"article","og_title":"La Victoire Batch 1 - Two Worlds Whiskey","og_description":"Straight bourbon whiskey, 54.7% alc.\/vol., only 2,107 bottles produced.","og_url":"https:\/\/twoworldswhiskey.com\/fr\/product\/la-victoire-batch-1\/","og_site_name":"Two Worlds Whiskey","article_modified_time":"2025-11-29T16:59:11+00:00","og_image":[{"width":2299,"height":2083,"url":"https:\/\/eadn-wc03-5617602.nxedge.io\/wp-content\/uploads\/2020\/07\/Two-Worlds-Whiskey-American-Masters-Gold.jpg","type":"image\/jpeg"}],"twitter_card":"summary_large_image","twitter_misc":{"Est. reading time":"2 minutes"},"schema":{"@context":"https:\/\/schema.org","@graph":[{"@type":"WebPage","@id":"https:\/\/twoworldswhiskey.com\/product\/la-victoire-batch-1\/","url":"https:\/\/twoworldswhiskey.com\/product\/la-victoire-batch-1\/","name":"La Victoire Batch 1 - Two Worlds Whiskey","isPartOf":{"@id":"https:\/\/twoworldswhiskey.com\/#website"},"primaryImageOfPage":{"@id":"https:\/\/twoworldswhiskey.com\/product\/la-victoire-batch-1\/#primaryimage"},"image":{"@id":"https:\/\/twoworldswhiskey.com\/product\/la-victoire-batch-1\/#primaryimage"},"thumbnailUrl":"https:\/\/eadn-wc03-5617602.nxedge.io\/wp-content\/uploads\/2020\/07\/Two-Worlds-Whiskey-American-Masters-Gold.jpg","datePublished":"2020-07-05T16:32:11+00:00","dateModified":"2025-11-29T16:59:11+00:00","breadcrumb":{"@id":"https:\/\/twoworldswhiskey.com\/product\/la-victoire-batch-1\/#breadcrumb"},"inLanguage":"fr-FR","potentialAction":[{"@type":"ReadAction","target":["https:\/\/twoworldswhiskey.com\/product\/la-victoire-batch-1\/"]}]},{"@type":"ImageObject","inLanguage":"fr-FR","@id":"https:\/\/twoworldswhiskey.com\/product\/la-victoire-batch-1\/#primaryimage","url":"https:\/\/eadn-wc03-5617602.nxedge.io\/wp-content\/uploads\/2020\/07\/Two-Worlds-Whiskey-American-Masters-Gold.jpg","contentUrl":"https:\/\/eadn-wc03-5617602.nxedge.io\/wp-content\/uploads\/2020\/07\/Two-Worlds-Whiskey-American-Masters-Gold.jpg","width":2299,"height":2083,"caption":"Two Worlds Whiskey La Victoire with American Whiskey Masters Gold Medal for 2020"},{"@type":"BreadcrumbList","@id":"https:\/\/twoworldswhiskey.com\/product\/la-victoire-batch-1\/#breadcrumb","itemListElement":[{"@type":"ListItem","position":1,"name":"Home","item":"https:\/\/twoworldswhiskey.com\/"},{"@type":"ListItem","position":2,"name":"Shop","item":"https:\/\/twoworldswhiskey.com\/shop\/"},{"@type":"ListItem","position":3,"name":"La Victoire Batch 1"}]},{"@type":"WebSite","@id":"https:\/\/twoworldswhiskey.com\/#website","url":"https:\/\/twoworldswhiskey.com\/","name":"Two Worlds Whiskey","description":"French-American Whiskey","publisher":{"@id":"https:\/\/twoworldswhiskey.com\/#organization"},"potentialAction":[{"@type":"SearchAction","target":{"@type":"EntryPoint","urlTemplate":"https:\/\/twoworldswhiskey.com\/?s={search_term_string}"},"query-input":{"@type":"PropertyValueSpecification","valueRequired":true,"valueName":"search_term_string"}}],"inLanguage":"fr-FR"},{"@type":"Organization","@id":"https:\/\/twoworldswhiskey.com\/#organization","name":"Two Worlds Whiskey","url":"https:\/\/twoworldswhiskey.com\/","logo":{"@type":"ImageObject","inLanguage":"fr-FR","@id":"https:\/\/twoworldswhiskey.com\/#\/schema\/logo\/image\/","url":"","contentUrl":"","caption":"Two Worlds Whiskey"},"image":{"@id":"https:\/\/twoworldswhiskey.com\/#\/schema\/logo\/image\/"}}]}},"jetpack_sharing_enabled":true,"_links":{"self":[{"href":"https:\/\/twoworldswhiskey.com\/fr\/wp-json\/wp\/v2\/product\/711","targetHints":{"allow":["GET"]}}],"collection":[{"href":"https:\/\/twoworldswhiskey.com\/fr\/wp-json\/wp\/v2\/product"}],"about":[{"href":"https:\/\/twoworldswhiskey.com\/fr\/wp-json\/wp\/v2\/types\/product"}],"version-history":[{"count":5,"href":"https:\/\/twoworldswhiskey.com\/fr\/wp-json\/wp\/v2\/product\/711\/revisions"}],"predecessor-version":[{"id":2767,"href":"https:\/\/twoworldswhiskey.com\/fr\/wp-json\/wp\/v2\/product\/711\/revisions\/2767"}],"wp:featuredmedia":[{"embeddable":true,"href":"https:\/\/twoworldswhiskey.com\/fr\/wp-json\/wp\/v2\/media\/890"}],"wp:attachment":[{"href":"https:\/\/twoworldswhiskey.com\/fr\/wp-json\/wp\/v2\/media?parent=711"}],"wp:term":[{"taxonomy":"product_brand","embeddable":true,"href":"https:\/\/twoworldswhiskey.com\/fr\/wp-json\/wp\/v2\/product_brand?post=711"},{"taxonomy":"product_cat","embeddable":true,"href":"https:\/\/twoworldswhiskey.com\/fr\/wp-json\/wp\/v2\/product_cat?post=711"},{"taxonomy":"product_tag","embeddable":true,"href":"https:\/\/twoworldswhiskey.com\/fr\/wp-json\/wp\/v2\/product_tag?post=711"}],"curies":[{"name":"wp","href":"https:\/\/api.w.org\/{rel}","templated":true}]}}